{"id":65,"date":"2014-06-11T20:13:40","date_gmt":"2014-06-11T18:13:40","guid":{"rendered":"http:\/\/enduroboxer.swt-sports.de\/?page_id=65"},"modified":"2022-06-19T16:19:00","modified_gmt":"2022-06-19T14:19:00","slug":"impressum","status":"publish","type":"page","link":"https:\/\/enduroboxer.swt-sports.de\/index.php\/impressum\/","title":{"rendered":"Impressum"},"content":{"rendered":"\t\t<div data-elementor-type=\"wp-page\" data-elementor-id=\"65\" class=\"elementor elementor-65\" data-elementor-post-type=\"page\">\n\t\t\t\t\t\t<section class=\"elementor-section elementor-top-section elementor-element elementor-element-1a6f3a6 elementor-section-boxed elementor-section-height-default elementor-section-height-default\" data-id=\"1a6f3a6\" data-element_type=\"section\">\n\t\t\t\t\t\t<div class=\"elementor-container elementor-column-gap-default\">\n\t\t\t\t\t<div class=\"elementor-column elementor-col-100 elementor-top-column elementor-element elementor-element-3db97a0\" data-id=\"3db97a0\" data-element_type=\"column\">\n\t\t\t<div class=\"elementor-widget-wrap elementor-element-populated\">\n\t\t\t\t\t\t<div class=\"elementor-element elementor-element-4b3382d elementor-widget elementor-widget-text-editor\" data-id=\"4b3382d\" data-element_type=\"widget\" data-widget_type=\"text-editor.default\">\n\t\t\t\t<div class=\"elementor-widget-container\">\n\t\t\t\t\t\t\t\t\t<p style=\"text-align: center;\">SWT SPORTS&nbsp;<\/p>\t\t\t\t\t\t\t\t<\/div>\n\t\t\t\t<\/div>\n\t\t\t\t<div class=\"elementor-element elementor-element-1666acc elementor-widget elementor-widget-heading\" data-id=\"1666acc\" data-element_type=\"widget\" data-widget_type=\"heading.default\">\n\t\t\t\t<div class=\"elementor-widget-container\">\n\t\t\t\t\t<h1 class=\"elementor-heading-title elementor-size-default\">IMPRESSUM<\/h1>\t\t\t\t<\/div>\n\t\t\t\t<\/div>\n\t\t\t\t<div class=\"elementor-element elementor-element-216046f elementor-widget-divider--view-line elementor-widget elementor-widget-divider\" data-id=\"216046f\" data-element_type=\"widget\" data-widget_type=\"divider.default\">\n\t\t\t\t<div class=\"elementor-widget-container\">\n\t\t\t\t\t\t\t<div class=\"elementor-divider\">\n\t\t\t<span class=\"elementor-divider-separator\">\n\t\t\t\t\t\t<\/span>\n\t\t<\/div>\n\t\t\t\t\t\t<\/div>\n\t\t\t\t<\/div>\n\t\t\t\t\t<\/div>\n\t\t<\/div>\n\t\t\t\t\t<\/div>\n\t\t<\/section>\n\t\t\t\t<section class=\"elementor-section elementor-top-section elementor-element elementor-element-403ea4a elementor-section-boxed elementor-section-height-default elementor-section-height-default\" data-id=\"403ea4a\" data-element_type=\"section\">\n\t\t\t\t\t\t<div class=\"elementor-container elementor-column-gap-default\">\n\t\t\t\t\t<div class=\"elementor-column elementor-col-100 elementor-top-column elementor-element elementor-element-3269b07\" data-id=\"3269b07\" data-element_type=\"column\">\n\t\t\t<div class=\"elementor-widget-wrap elementor-element-populated\">\n\t\t\t\t\t\t<div class=\"elementor-element elementor-element-4f4e5818 elementor-widget elementor-widget-text-editor\" data-id=\"4f4e5818\" data-element_type=\"widget\" data-widget_type=\"text-editor.default\">\n\t\t\t\t<div class=\"elementor-widget-container\">\n\t\t\t\t\t\t\t\t\t<p>Manuel Schad<br>SWT SPORTS<br>Manuel Schad<br>Marienstr. 1<br>97532 \u00dcchtelhausen<br>Deutschland<br>Telefon: 09720 950248<br>E-Mail: info@swt-sports.de&nbsp;<br>USt-IdNr.: DE 249029047<\/p>\n<p>Inhaltlich Verantwortlicher gem\u00e4\u00df \u00a7 55 RStV:<\/p>\n<p>Manuel Schad<br>Marienstr. 1<br>97532 \u00dcchtelhausen<br>Rechtliche Hinweise zur Webseite<\/p>\n<p>Alle Texte, Bilder und weiter hier ver\u00f6ffentlichten Informationen unterliegen dem Urheberrecht des Anbieters, soweit nicht Urheberrechte Dritter bestehen. In jedem Fall ist eine Vervielf\u00e4ltigung, Verbreitung oder \u00f6ffentliche Wiedergabe ausschlie\u00dflich im Falle einer widerruflichen und nicht \u00fcbertragbaren Zustimmung des Anbieters gestattet.<\/p>\n<p>F\u00fcr alle mittels Querverweis (Link) verbundenen Webinhalte \u00fcbernimmt der Anbieter keine Verantwortung, da es sich hierbei nicht um eigene Inhalte handelt. Die verlinkten Seiten wurden auf rechtswidrige Inhalte \u00fcberpr\u00fcft, zum Zeitpunkt der Verlinkung waren solche nicht erkennbar. Verantwortlich f\u00fcr den Inhalt der verlinkten Seiten ist deren Betreiber. Der Anbieter hat hierzu keine allgemeine \u00dcberwachungs- und Pr\u00fcfungspflicht. Bei Bekanntwerden einer Rechtsverletzung wird der entsprechende Link jedoch umgehend entfernt.<\/p>\t\t\t\t\t\t\t\t<\/div>\n\t\t\t\t<\/div>\n\t\t\t\t<section class=\"elementor-section elementor-inner-section elementor-element elementor-element-9d500d8 elementor-section-boxed elementor-section-height-default elementor-section-height-default\" data-id=\"9d500d8\" data-element_type=\"section\">\n\t\t\t\t\t\t<div class=\"elementor-container elementor-column-gap-default\">\n\t\t\t\t\t<div class=\"elementor-column elementor-col-50 elementor-inner-column elementor-element elementor-element-ad6efea\" data-id=\"ad6efea\" data-element_type=\"column\">\n\t\t\t<div class=\"elementor-widget-wrap elementor-element-populated\">\n\t\t\t\t\t\t<div class=\"elementor-element elementor-element-2bfac1e elementor-widget elementor-widget-text-editor\" data-id=\"2bfac1e\" data-element_type=\"widget\" data-widget_type=\"text-editor.default\">\n\t\t\t\t<div class=\"elementor-widget-container\">\n\t\t\t\t\t\t\t\t\t<p>Eine fr\u00fchere Version dieser Texte wurde mit ADSIMPLE erstellt. Daf\u00fcr danken wir und empfehlen es gerne weiter:<\/p>\t\t\t\t\t\t\t\t<\/div>\n\t\t\t\t<\/div>\n\t\t\t\t\t<\/div>\n\t\t<\/div>\n\t\t\t\t<div class=\"elementor-column elementor-col-50 elementor-inner-column elementor-element elementor-element-70e92e8\" data-id=\"70e92e8\" data-element_type=\"column\">\n\t\t\t<div class=\"elementor-widget-wrap elementor-element-populated\">\n\t\t\t\t\t\t<div class=\"elementor-element elementor-element-bdbc6cd elementor-widget elementor-widget-button\" data-id=\"bdbc6cd\" data-element_type=\"widget\" data-widget_type=\"button.default\">\n\t\t\t\t<div class=\"elementor-widget-container\">\n\t\t\t\t\t\t\t\t\t<div class=\"elementor-button-wrapper\">\n\t\t\t\t\t<a class=\"elementor-button elementor-button-link elementor-size-sm\" href=\"https:\/\/www.adsimple.de\/\" target=\"_blank\">\n\t\t\t\t\t\t<span class=\"elementor-button-content-wrapper\">\n\t\t\t\t\t\t\t\t\t<span class=\"elementor-button-text\">adsimple<\/span>\n\t\t\t\t\t<\/span>\n\t\t\t\t\t<\/a>\n\t\t\t\t<\/div>\n\t\t\t\t\t\t\t\t<\/div>\n\t\t\t\t<\/div>\n\t\t\t\t\t<\/div>\n\t\t<\/div>\n\t\t\t\t\t<\/div>\n\t\t<\/section>\n\t\t\t\t\t<\/div>\n\t\t<\/div>\n\t\t\t\t\t<\/div>\n\t\t<\/section>\n\t\t\t\t<\/div>\n\t\t","protected":false},"excerpt":{"rendered":"<p>SWT SPORTS&nbsp; IMPRESSUM Manuel SchadSWT SPORTSManuel SchadMarienstr. 197532 \u00dcchtelhausenDeutschlandTelefon: 09720 950248E-Mail: info@swt-sports.de&nbsp;USt-IdNr.: DE 249029047 Inhaltlich Verantwortlicher gem\u00e4\u00df \u00a7 55 RStV: Manuel SchadMarienstr. 197532 \u00dcchtelhausenRechtliche Hinweise zur Webseite Alle Texte, Bilder und weiter hier ver\u00f6ffentlichten Informationen unterliegen dem Urheberrecht des Anbieters, soweit nicht Urheberrechte Dritter bestehen. In jedem Fall ist eine Vervielf\u00e4ltigung, Verbreitung oder \u00f6ffentliche Wiedergabe [&hellip;]<\/p>\n","protected":false},"author":402,"featured_media":0,"parent":0,"menu_order":14,"comment_status":"open","ping_status":"closed","template":"elementor_header_footer","meta":{"inline_featured_image":false,"footnotes":""},"class_list":["post-65","page","type-page","status-publish","hentry"],"yoast_head":"<!-- This site is optimized with the Yoast SEO plugin v26.6 - https:\/\/yoast.com\/wordpress\/plugins\/seo\/ -->\n<title>Impressum &#187; BMW Motorrad EnduroBoxer Treffen \u2013 Touren \u2013 Training<\/title>\n<meta name=\"robots\" content=\"index, follow, max-snippet:-1, max-image-preview:large, max-video-preview:-1\" \/>\n<link rel=\"canonical\" href=\"https:\/\/enduroboxer.swt-sports.de\/index.php\/impressum\/\" \/>\n<meta property=\"og:locale\" content=\"de_DE\" \/>\n<meta property=\"og:type\" content=\"article\" \/>\n<meta property=\"og:title\" content=\"Impressum &#187; BMW Motorrad EnduroBoxer Treffen \u2013 Touren \u2013 Training\" \/>\n<meta property=\"og:description\" content=\"SWT SPORTS&nbsp; IMPRESSUM Manuel SchadSWT SPORTSManuel SchadMarienstr. 197532 \u00dcchtelhausenDeutschlandTelefon: 09720 950248E-Mail: info@swt-sports.de&nbsp;USt-IdNr.: DE 249029047 Inhaltlich Verantwortlicher gem\u00e4\u00df \u00a7 55 RStV: Manuel SchadMarienstr. 197532 \u00dcchtelhausenRechtliche Hinweise zur Webseite Alle Texte, Bilder und weiter hier ver\u00f6ffentlichten Informationen unterliegen dem Urheberrecht des Anbieters, soweit nicht Urheberrechte Dritter bestehen. In jedem Fall ist eine Vervielf\u00e4ltigung, Verbreitung oder \u00f6ffentliche Wiedergabe [&hellip;]\" \/>\n<meta property=\"og:url\" content=\"https:\/\/enduroboxer.swt-sports.de\/index.php\/impressum\/\" \/>\n<meta property=\"og:site_name\" content=\"BMW Motorrad EnduroBoxer Treffen \u2013 Touren \u2013 Training\" \/>\n<meta property=\"article:publisher\" content=\"https:\/\/www.facebook.com\/swtsports\/\" \/>\n<meta property=\"article:modified_time\" content=\"2022-06-19T14:19:00+00:00\" \/>\n<meta name=\"twitter:card\" content=\"summary_large_image\" \/>\n<meta name=\"twitter:label1\" content=\"Gesch\u00e4tzte Lesezeit\" \/>\n\t<meta name=\"twitter:data1\" content=\"1\u00a0Minute\" \/>\n<script type=\"application\/ld+json\" class=\"yoast-schema-graph\">{\"@context\":\"https:\/\/schema.org\",\"@graph\":[{\"@type\":\"WebPage\",\"@id\":\"https:\/\/enduroboxer.swt-sports.de\/index.php\/impressum\/\",\"url\":\"https:\/\/enduroboxer.swt-sports.de\/index.php\/impressum\/\",\"name\":\"Impressum &#187; BMW Motorrad EnduroBoxer Treffen \u2013 Touren \u2013 Training\",\"isPartOf\":{\"@id\":\"https:\/\/enduroboxer.swt-sports.de\/#website\"},\"datePublished\":\"2014-06-11T18:13:40+00:00\",\"dateModified\":\"2022-06-19T14:19:00+00:00\",\"breadcrumb\":{\"@id\":\"https:\/\/enduroboxer.swt-sports.de\/index.php\/impressum\/#breadcrumb\"},\"inLanguage\":\"de\",\"potentialAction\":[{\"@type\":\"ReadAction\",\"target\":[\"https:\/\/enduroboxer.swt-sports.de\/index.php\/impressum\/\"]}]},{\"@type\":\"BreadcrumbList\",\"@id\":\"https:\/\/enduroboxer.swt-sports.de\/index.php\/impressum\/#breadcrumb\",\"itemListElement\":[{\"@type\":\"ListItem\",\"position\":1,\"name\":\"Home\",\"item\":\"https:\/\/enduroboxer.swt-sports.de\/\"},{\"@type\":\"ListItem\",\"position\":2,\"name\":\"Impressum\"}]},{\"@type\":\"WebSite\",\"@id\":\"https:\/\/enduroboxer.swt-sports.de\/#website\",\"url\":\"https:\/\/enduroboxer.swt-sports.de\/\",\"name\":\"BMW Motorrad EnduroBoxer\",\"description\":\"Die Offroad - Seite f\u00fcr BMW Motorrad \/ Motorr\u00e4der wie BMW R 80 \/ 100 \/ 1100 \/ 1150 \/ 1200 GS HP 2 die wirklich im Gel\u00e4nde bewegt werden.\",\"publisher\":{\"@id\":\"https:\/\/enduroboxer.swt-sports.de\/#organization\"},\"potentialAction\":[{\"@type\":\"SearchAction\",\"target\":{\"@type\":\"EntryPoint\",\"urlTemplate\":\"https:\/\/enduroboxer.swt-sports.de\/?s={search_term_string}\"},\"query-input\":{\"@type\":\"PropertyValueSpecification\",\"valueRequired\":true,\"valueName\":\"search_term_string\"}}],\"inLanguage\":\"de\"},{\"@type\":\"Organization\",\"@id\":\"https:\/\/enduroboxer.swt-sports.de\/#organization\",\"name\":\"Enduroboxer\",\"url\":\"https:\/\/enduroboxer.swt-sports.de\/\",\"logo\":{\"@type\":\"ImageObject\",\"inLanguage\":\"de\",\"@id\":\"https:\/\/enduroboxer.swt-sports.de\/#\/schema\/logo\/image\/\",\"url\":\"https:\/\/enduroboxer.swt-sports.de\/wp-content\/uploads\/2021\/01\/enduroboxer_logo_blau_straight.svg\",\"contentUrl\":\"https:\/\/enduroboxer.swt-sports.de\/wp-content\/uploads\/2021\/01\/enduroboxer_logo_blau_straight.svg\",\"width\":100,\"height\":100,\"caption\":\"Enduroboxer\"},\"image\":{\"@id\":\"https:\/\/enduroboxer.swt-sports.de\/#\/schema\/logo\/image\/\"},\"sameAs\":[\"https:\/\/www.facebook.com\/swtsports\/\"]}]}<\/script>\n<!-- \/ Yoast SEO plugin. -->","yoast_head_json":{"title":"Impressum &#187; BMW Motorrad EnduroBoxer Treffen \u2013 Touren \u2013 Training","robots":{"index":"index","follow":"follow","max-snippet":"max-snippet:-1","max-image-preview":"max-image-preview:large","max-video-preview":"max-video-preview:-1"},"canonical":"https:\/\/enduroboxer.swt-sports.de\/index.php\/impressum\/","og_locale":"de_DE","og_type":"article","og_title":"Impressum &#187; BMW Motorrad EnduroBoxer Treffen \u2013 Touren \u2013 Training","og_description":"SWT SPORTS&nbsp; IMPRESSUM Manuel SchadSWT SPORTSManuel SchadMarienstr. 197532 \u00dcchtelhausenDeutschlandTelefon: 09720 950248E-Mail: info@swt-sports.de&nbsp;USt-IdNr.: DE 249029047 Inhaltlich Verantwortlicher gem\u00e4\u00df \u00a7 55 RStV: Manuel SchadMarienstr. 197532 \u00dcchtelhausenRechtliche Hinweise zur Webseite Alle Texte, Bilder und weiter hier ver\u00f6ffentlichten Informationen unterliegen dem Urheberrecht des Anbieters, soweit nicht Urheberrechte Dritter bestehen. In jedem Fall ist eine Vervielf\u00e4ltigung, Verbreitung oder \u00f6ffentliche Wiedergabe [&hellip;]","og_url":"https:\/\/enduroboxer.swt-sports.de\/index.php\/impressum\/","og_site_name":"BMW Motorrad EnduroBoxer Treffen \u2013 Touren \u2013 Training","article_publisher":"https:\/\/www.facebook.com\/swtsports\/","article_modified_time":"2022-06-19T14:19:00+00:00","twitter_card":"summary_large_image","twitter_misc":{"Gesch\u00e4tzte Lesezeit":"1\u00a0Minute"},"schema":{"@context":"https:\/\/schema.org","@graph":[{"@type":"WebPage","@id":"https:\/\/enduroboxer.swt-sports.de\/index.php\/impressum\/","url":"https:\/\/enduroboxer.swt-sports.de\/index.php\/impressum\/","name":"Impressum &#187; BMW Motorrad EnduroBoxer Treffen \u2013 Touren \u2013 Training","isPartOf":{"@id":"https:\/\/enduroboxer.swt-sports.de\/#website"},"datePublished":"2014-06-11T18:13:40+00:00","dateModified":"2022-06-19T14:19:00+00:00","breadcrumb":{"@id":"https:\/\/enduroboxer.swt-sports.de\/index.php\/impressum\/#breadcrumb"},"inLanguage":"de","potentialAction":[{"@type":"ReadAction","target":["https:\/\/enduroboxer.swt-sports.de\/index.php\/impressum\/"]}]},{"@type":"BreadcrumbList","@id":"https:\/\/enduroboxer.swt-sports.de\/index.php\/impressum\/#breadcrumb","itemListElement":[{"@type":"ListItem","position":1,"name":"Home","item":"https:\/\/enduroboxer.swt-sports.de\/"},{"@type":"ListItem","position":2,"name":"Impressum"}]},{"@type":"WebSite","@id":"https:\/\/enduroboxer.swt-sports.de\/#website","url":"https:\/\/enduroboxer.swt-sports.de\/","name":"BMW Motorrad EnduroBoxer","description":"Die Offroad - Seite f\u00fcr BMW Motorrad \/ Motorr\u00e4der wie BMW R 80 \/ 100 \/ 1100 \/ 1150 \/ 1200 GS HP 2 die wirklich im Gel\u00e4nde bewegt werden.","publisher":{"@id":"https:\/\/enduroboxer.swt-sports.de\/#organization"},"potentialAction":[{"@type":"SearchAction","target":{"@type":"EntryPoint","urlTemplate":"https:\/\/enduroboxer.swt-sports.de\/?s={search_term_string}"},"query-input":{"@type":"PropertyValueSpecification","valueRequired":true,"valueName":"search_term_string"}}],"inLanguage":"de"},{"@type":"Organization","@id":"https:\/\/enduroboxer.swt-sports.de\/#organization","name":"Enduroboxer","url":"https:\/\/enduroboxer.swt-sports.de\/","logo":{"@type":"ImageObject","inLanguage":"de","@id":"https:\/\/enduroboxer.swt-sports.de\/#\/schema\/logo\/image\/","url":"https:\/\/enduroboxer.swt-sports.de\/wp-content\/uploads\/2021\/01\/enduroboxer_logo_blau_straight.svg","contentUrl":"https:\/\/enduroboxer.swt-sports.de\/wp-content\/uploads\/2021\/01\/enduroboxer_logo_blau_straight.svg","width":100,"height":100,"caption":"Enduroboxer"},"image":{"@id":"https:\/\/enduroboxer.swt-sports.de\/#\/schema\/logo\/image\/"},"sameAs":["https:\/\/www.facebook.com\/swtsports\/"]}]}},"_links":{"self":[{"href":"https:\/\/enduroboxer.swt-sports.de\/index.php\/wp-json\/wp\/v2\/pages\/65","targetHints":{"allow":["GET"]}}],"collection":[{"href":"https:\/\/enduroboxer.swt-sports.de\/index.php\/wp-json\/wp\/v2\/pages"}],"about":[{"href":"https:\/\/enduroboxer.swt-sports.de\/index.php\/wp-json\/wp\/v2\/types\/page"}],"author":[{"embeddable":true,"href":"https:\/\/enduroboxer.swt-sports.de\/index.php\/wp-json\/wp\/v2\/users\/402"}],"replies":[{"embeddable":true,"href":"https:\/\/enduroboxer.swt-sports.de\/index.php\/wp-json\/wp\/v2\/comments?post=65"}],"version-history":[{"count":35,"href":"https:\/\/enduroboxer.swt-sports.de\/index.php\/wp-json\/wp\/v2\/pages\/65\/revisions"}],"predecessor-version":[{"id":127935,"href":"https:\/\/enduroboxer.swt-sports.de\/index.php\/wp-json\/wp\/v2\/pages\/65\/revisions\/127935"}],"wp:attachment":[{"href":"https:\/\/enduroboxer.swt-sports.de\/index.php\/wp-json\/wp\/v2\/media?parent=65"}],"curies":[{"name":"wp","href":"https:\/\/api.w.org\/{rel}","templated":true}]}}